{"id":953,"date":"2025-08-11T16:37:29","date_gmt":"2025-08-11T14:37:29","guid":{"rendered":"https:\/\/articagency.com\/?page_id=953"},"modified":"2025-08-20T19:03:58","modified_gmt":"2025-08-20T17:03:58","slug":"avis-legal","status":"publish","type":"page","link":"https:\/\/articagency.com\/ca\/aviso-legal\/","title":{"rendered":"Av\u00eds Legal"},"content":{"rendered":"<div data-elementor-type=\"wp-page\" data-elementor-id=\"953\" class=\"elementor elementor-953\" data-elementor-post-type=\"page\">\n\t\t\t\t<div class=\"elementor-element elementor-element-27811ead e-flex e-con-boxed e-con e-parent\" data-id=\"27811ead\" data-element_type=\"container\" data-e-type=\"container\" data-settings=\"{&quot;jet_parallax_layout_list&quot;:[]}\">\n\t\t\t\t\t<div class=\"e-con-inner\">\n\t\t\t\t<div class=\"elementor-element elementor-element-62ea6c7 elementor-widget elementor-widget-heading\" data-id=\"62ea6c7\" data-element_type=\"widget\" data-e-type=\"widget\" data-widget_type=\"heading.default\">\n\t\t\t\t\t<h1 class=\"elementor-heading-title elementor-size-default\">Av\u00eds Legal<\/h1>\t\t\t\t<\/div>\n\t\t\t\t<div class=\"elementor-element elementor-element-163a1ede elementor-widget elementor-widget-text-editor\" data-id=\"163a1ede\" data-element_type=\"widget\" data-e-type=\"widget\" data-widget_type=\"text-editor.default\">\n\t\t\t\t\t\t\t\t\t\n<p>\u00a0<strong>LLEI DELS SERVEIS DE LA SOCIETAT DE LA INFORMACI\u00d3 (LSSI)<\/strong>\u00a0<\/p>\n\n<p>ARTIC AGENCY DIGITAL CONSULTING SL, responsable del lloc web, d&#039;ara endavant el RESPONSABLE, posa a disposici\u00f3 dels usuaris aquest document, amb el qual pret\u00e9n fer complir les obligacions que estableix la Llei 34\/2002, d&#039;11 de juliol, de Serveis de la Societat de la Informaci\u00f3 i de Comer\u00e7 Electr\u00f2nic (LSSICE), BOE N. quines s\u00f3n les condicions d\u00fas.<\/p>\n\n<p>Qualsevol persona que accedeixi a aquest lloc web assumeix el paper d&#039;usuari i es compromet a l&#039;observan\u00e7a i el compliment rigor\u00f3s de les disposicions que s&#039;estableixen, aix\u00ed com a qualsevol altra disposici\u00f3 legal se li apliqui.<\/p>\n\n<p>ARTIC AGENCY DIGITAL CONSULTING SL es reserva el dret de modificar qualsevol tipus d&#039;informaci\u00f3 que pugui apar\u00e8ixer al lloc web, sense l&#039;obligaci\u00f3 de preavisar o assabentar els usuaris d&#039;aquestes obligacions, at\u00e8s que es considera suficient la publicaci\u00f3 al lloc web de ARTIC AGENCY DIGITAL CONSULTING SL.<\/p>\n\n<ol class=\"wp-block-list\">\n<li><strong>DADES IDENTIFICADORS<\/strong><\/li>\n<\/ol>\n\n<p><strong>Nom del domini<\/strong>: articagency.com<br \/><strong>Nom comercial<\/strong>: ARTIC o ARTIC AGENCY<br \/><strong>Denominaci\u00f3 social<\/strong>: ARTIC AGENCY DIGITAL CONSULTING SL<br \/><strong>NIF<\/strong>: B19726967<br \/><strong>Domicili social<\/strong>: Av. Vilafranca del Pened\u00e8s 11B 08799 Sant Pere Molanta (Barcelona)<br \/><strong>Tel\u00e8fon<\/strong>: +34930496832<br \/><strong>E-mail<\/strong>: info@articagency.com<br \/>Registre Mercantil de Barcelona Full B-616902<\/p>\n\n<ol class=\"wp-block-list\" start=\"2\">\n<li><strong>DRETS DE PROPIETAT INTEL\u00b7LECTUAL I INDUSTRIAL<\/strong><\/li>\n<\/ol>\n\n<p>El lloc web, incloent-hi a t\u00edtol enunciatiu per\u00f2 no limitatiu la seva programaci\u00f3, edici\u00f3, compilaci\u00f3 i altres elements necessaris per al seu funcionament, els dissenys, logotips, text i\/o gr\u00e0fics, s\u00f3n propietat del RESPONSABLE o, si escau, disposa de llic\u00e8ncia o autoritzaci\u00f3 expressa per part dels autors. Tots els continguts del lloc web es troben degudament protegits per la normativa de propietat intel\u00b7lectual i industrial, aix\u00ed com inscrits als registres p\u00fablics corresponents.<\/p>\n\n<p>Independentment de la finalitat per a la qual fossin destinats, la reproducci\u00f3 total o parcial, \u00fas, explotaci\u00f3, distribuci\u00f3 i comercialitzaci\u00f3 requereix en tot cas lautoritzaci\u00f3 escrita pr\u00e8via per part del RESPONSABLE. Qualsevol \u00fas no autoritzat pr\u00e8viament es considera un incompliment greu dels drets de propietat intel\u00b7lectual o industrial de lautor.<\/p>\n\n<p>Els dissenys, logotips, text i\/o gr\u00e0fics aliens al RESPONSABLE i que puguin apar\u00e8ixer al lloc web, pertanyen als seus respectius propietaris, els quals s\u00f3n responsables de qualsevol possible controv\u00e8rsia que es pugui desprendre. El RESPONSABLE autoritza expressament que tercers puguin redirigir directament els continguts concrets del lloc web, i en tot cas redirigir al lloc web principal d&#039;articagency.com\/.<\/p>\n\n<p>El RESPONSABLE reconeix a favor dels seus titulars els corresponents drets de propietat intel\u00b7lectual i industrial, sense implicar-ne la sola menci\u00f3 o aparici\u00f3 al lloc web l&#039;exist\u00e8ncia de drets o responsabilitat sobre aquests, ni el suport, patrocini o recomanaci\u00f3 per part del RESPONSABLE.<\/p>\n\n<p>Per efectuar qualsevol tipus d&#039;observaci\u00f3 quant a possibles incompliments dels drets de propietat intel\u00b7lectual o industrial, aix\u00ed com sobre qualsevol dels continguts del lloc web, podeu fer-ho a trav\u00e9s del correu electr\u00f2nic\u00a0<a href=\"mailto:info@articagency.com\">info@articagency.com<\/a>.<\/p>\n\n<ol class=\"wp-block-list\" start=\"3\">\n<li><strong>EXEMPCI\u00d3 DE RESPONSABILITATS<\/strong><\/li>\n<\/ol>\n\n<p>El RESPONSABLE s&#039;eximeix de qualsevol tipus de responsabilitat derivada de la informaci\u00f3 publicada al seu lloc web sempre que no tingui coneixement efectiu que aquesta informaci\u00f3 hagi estat manipulada o introdu\u00efda per un tercer ali\u00e8 a la mateixa o, si en t\u00e9, hagi actuat amb dilig\u00e8ncia per retirar les dades o fer impossible accedir-hi.<\/p>\n\n<p><strong>\u00das de galetes<\/strong><\/p>\n\n<p>Pot ser que aquest lloc web utilitzi cookies t\u00e8cniques (petits fitxers d&#039;informaci\u00f3 que el servidor envia a l&#039;ordinador de qui accedeix a la p\u00e0gina) per dur a terme determinades funcions que es consideren imprescindibles per al correcte funcionament i visualitzaci\u00f3 de la web. galetes utilitzades tenen, en qualsevol cas, car\u00e0cter temporal, amb l&#039;\u00fanica finalitat de fer que la navegaci\u00f3 sigui m\u00e9s eficient, desapareixent en finalitzar la sessi\u00f3 de l&#039;usuari. En cap cas, aquestes galetes proporcionen per si mateixes. dades de car\u00e0cter personal i no es faran servir per recollir dades d&#039;aquest tipus.<\/p>\n\n<p>Mitjan\u00e7ant l&#039;\u00fas de cookies tamb\u00e9 \u00e9s possible que el servidor on es troba la web reconegui el navegador que utilitza l&#039;usuari, per tal que la navegaci\u00f3 sigui m\u00e9s senzilla, permetent, per exemple, l&#039;acc\u00e9s dels usuaris que s&#039;hagin registrat pr\u00e8viament a les \u00e0rees, serveis, promocions o concursos reservats exclusivament a ells sense haver de registrar-se a cada visita. Tamb\u00e9 es poden utilitzar per mesurar l&#039;audi\u00e8ncia, par\u00e0metres de tr\u00e0nsit, controlar el progr\u00e9s i el nombre d&#039;entrades, etc. En aquests casos, les galetes s\u00f3n prescindibles t\u00e8cnicament per\u00f2 beneficioses per a l&#039;usuari. Aquest lloc web no instal\u00b7lar\u00e0\u00a0<em>cookies<\/em>\u00a0prescindibles sense el consentiment previ de l&#039;usuari.<\/p>\n\n<p>Utilitzem cookies pr\u00f2pies i de tercers per a fins anal\u00edtics i per mostrar publicitat personalitzada segons un perfil elaborat a partir dels seus h\u00e0bits de navegaci\u00f3 (per exemple, p\u00e0gines visitades). A tots els usuaris que visitin la web se&#039;ls informa de l&#039;\u00fas d&#039;aquestes galetes mitjan\u00e7ant un banner flotant. En cas d&#039;acceptar-ne l&#039;\u00fas, el banner desapareixer\u00e0, encara que en tot moment podran revocar el consentiment i obtenir-ne m\u00e9s informaci\u00f3 consultant la nostra Pol\u00edtica de cookies.<\/p>\n\n<p>L&#039;usuari t\u00e9 la possibilitat de configurar el vostre navegador per ser alertat de la recepci\u00f3 de cookies i per impedir la seva instal\u00b7laci\u00f3 al vostre equip. Si us plau, consulteu les instruccions del vostre navegador per ampliar aquesta informaci\u00f3.<\/p>\n\n<p><strong>Pol\u00edtica d&#039;enlla\u00e7os<\/strong><\/p>\n\n<p>Des del lloc web, \u00e9s possible que es redirigeixi a continguts de tercers llocs web. At\u00e8s que el RESPONSABLE no pot controlar sempre els continguts introdu\u00efts per tercers als seus respectius llocs web, no assumeix cap tipus de responsabilitat respecte a aquests continguts. En qualsevol cas, retirar\u00e0 immediatament qualsevol contingut que pugui transgredir la legislaci\u00f3 nacional o internacional, la moral o l&#039;ordre p\u00fablic, retirant immediatament la redirecci\u00f3 a aquest lloc web i assabentant les autoritats competents del contingut en q\u00fcesti\u00f3.<\/p>\n\n<p>El RESPONSABLE no es fa responsable de la informaci\u00f3 i continguts emmagatzemats, a t\u00edtol enunciatiu per\u00f2 no limitatiu, en f\u00f2rums, xats, generadors de blocs, comentaris, xarxes socials o qualsevol altre mitj\u00e0 que permeti a tercers publicar continguts de forma independent a la p\u00e0gina web del RESPONSABLE. Aix\u00f2 no obstant, i en compliment del que estableixen els articles 11 i 16 de la LSSICE, es posa a disposici\u00f3 de tots els usuaris, autoritats i forces de seguretat que col\u00b7laborin de forma activa en la retirada o, si escau, bloqueig de tots els continguts que puguin afectar o transgredir a la legislaci\u00f3 nacional o internacional, els drets de tercers o la moral i l&#039;ordre p\u00fablic. En cas que l&#039;usuari consideri que el lloc web cont\u00e9 material que pugui ser susceptible d&#039;aquesta classificaci\u00f3, us preguem que ho notifiqueu immediatament a l&#039;administrador del lloc web.<\/p>\n\n<p>Aquest lloc web s&#039;ha revisat i provat perqu\u00e8 funcioni correctament. En principi, es pot garantir que funcionar\u00e0 correctament els 365 dies de l&#039;any i les 24 hores al dia. Tot i aix\u00f2, el RESPONSABLE no descarta la possibilitat que es produeixin errors de programaci\u00f3, o que es produeixin causes de for\u00e7a major, cat\u00e0strofes naturals, vagues o circumst\u00e0ncies similars que facin impossible l&#039;acc\u00e9s a la p\u00e0gina web.<\/p>\n\n<p><strong>Adreces IP<\/strong><\/p>\n\n<p>Els servidors del lloc web podran detectar autom\u00e0ticament ladre\u00e7a IP i el nom del domini utilitzats per lusuari. Una adre\u00e7a IP \u00e9s un n\u00famero assignat autom\u00e0ticament a un ordinador quan es connecta a Internet. Tota aquesta informaci\u00f3 queda registrada en un fitxer dactivitat del servidor degudament inscrit que permet processar les dades posteriorment per obtenir mesuraments \u00fanicament estad\u00edstiques que permetin con\u00e8ixer el nombre dimpressions de p\u00e0gines, el nombre de visites efectuades als servidors web, lordre de visites, el punt dacc\u00e9s, etc.<\/p>\n\n<ol class=\"wp-block-list\" start=\"4\">\n<li><strong>LLEI APLICABLE I JURISDICCI\u00d3<\/strong><\/li>\n<\/ol>\n\n<p>Per a la resoluci\u00f3 de totes les controv\u00e8rsies o q\u00fcestions relacionades amb aquest lloc web o de les activitats que es duen a terme, s&#039;aplicar\u00e0 la legislaci\u00f3 espanyola, a la qual se sotmeten expressament les parts, les quals tindran prou compet\u00e8ncia per a la resoluci\u00f3 de tots els conflictes derivats o relacionats amb el seu \u00fas pels Jutjats i Tribunals del domicili de l&#039;USUARI o el lloc de compliment de l&#039;obligaci\u00f3.<\/p>\n\t\t\t\t\t\t\t\t<\/div>\n\t\t\t\t\t<\/div>\n\t\t\t\t<\/div>\n\t\t\t\t<\/div>","protected":false},"excerpt":{"rendered":"<p>\u00a0LEY DE LOS SERVICIOS DE LA SOCIEDAD DE LA INFORMACI\u00d3N (LSSI)\u00a0 ARTIC AGENCY DIGITAL CONSULTING SL, responsable del sitio web, [&hellip;]<\/p>\n","protected":false},"author":1,"featured_media":0,"parent":0,"menu_order":0,"comment_status":"closed","ping_status":"closed","template":"","meta":{"site-sidebar-layout":"default","site-content-layout":"","ast-site-content-layout":"default","site-content-style":"default","site-sidebar-style":"default","ast-global-header-display":"","ast-banner-title-visibility":"","ast-main-header-display":"","ast-hfb-above-header-display":"","ast-hfb-below-header-display":"","ast-hfb-mobile-header-display":"","site-post-title":"","ast-breadcrumbs-content":"","ast-featured-img":"","footer-sml-layout":"","ast-disable-related-posts":"","theme-transparent-header-meta":"","adv-header-id-meta":"","stick-header-meta":"","header-above-stick-meta":"","header-main-stick-meta":"","header-below-stick-meta":"","astra-migrate-meta-layouts":"default","ast-page-background-enabled":"default","ast-page-background-meta":{"desktop":{"background-color":"var(--ast-global-color-5)","background-image":"","background-repeat":"repeat","background-position":"center center","background-size":"auto","background-attachment":"scroll","background-type":"","background-media":"","overlay-type":"","overlay-color":"","overlay-opacity":"","overlay-gradient":""},"tablet":{"background-color":"","background-image":"","background-repeat":"repeat","background-position":"center center","background-size":"auto","background-attachment":"scroll","background-type":"","background-media":"","overlay-type":"","overlay-color":"","overlay-opacity":"","overlay-gradient":""},"mobile":{"background-color":"","background-image":"","background-repeat":"repeat","background-position":"center center","background-size":"auto","background-attachment":"scroll","background-type":"","background-media":"","overlay-type":"","overlay-color":"","overlay-opacity":"","overlay-gradient":""}},"ast-content-background-meta":{"desktop":{"background-color":"var(--ast-global-color-4)","background-image":"","background-repeat":"repeat","background-position":"center center","background-size":"auto","background-attachment":"scroll","background-type":"","background-media":"","overlay-type":"","overlay-color":"","overlay-opacity":"","overlay-gradient":""},"tablet":{"background-color":"var(--ast-global-color-4)","background-image":"","background-repeat":"repeat","background-position":"center center","background-size":"auto","background-attachment":"scroll","background-type":"","background-media":"","overlay-type":"","overlay-color":"","overlay-opacity":"","overlay-gradient":""},"mobile":{"background-color":"var(--ast-global-color-4)","background-image":"","background-repeat":"repeat","background-position":"center center","background-size":"auto","background-attachment":"scroll","background-type":"","background-media":"","overlay-type":"","overlay-color":"","overlay-opacity":"","overlay-gradient":""}},"footnotes":""},"class_list":["post-953","page","type-page","status-publish","hentry"],"_links":{"self":[{"href":"https:\/\/articagency.com\/ca\/wp-json\/wp\/v2\/pages\/953","targetHints":{"allow":["GET"]}}],"collection":[{"href":"https:\/\/articagency.com\/ca\/wp-json\/wp\/v2\/pages"}],"about":[{"href":"https:\/\/articagency.com\/ca\/wp-json\/wp\/v2\/types\/page"}],"author":[{"embeddable":true,"href":"https:\/\/articagency.com\/ca\/wp-json\/wp\/v2\/users\/1"}],"replies":[{"embeddable":true,"href":"https:\/\/articagency.com\/ca\/wp-json\/wp\/v2\/comments?post=953"}],"version-history":[{"count":7,"href":"https:\/\/articagency.com\/ca\/wp-json\/wp\/v2\/pages\/953\/revisions"}],"predecessor-version":[{"id":1735,"href":"https:\/\/articagency.com\/ca\/wp-json\/wp\/v2\/pages\/953\/revisions\/1735"}],"wp:attachment":[{"href":"https:\/\/articagency.com\/ca\/wp-json\/wp\/v2\/media?parent=953"}],"curies":[{"name":"wp","href":"https:\/\/api.w.org\/{rel}","templated":true}]}}