{"id":949,"date":"2025-07-29T14:19:32","date_gmt":"2025-07-29T12:19:32","guid":{"rendered":"https:\/\/articagency.com\/?page_id=949"},"modified":"2025-08-20T19:04:12","modified_gmt":"2025-08-20T17:04:12","slug":"politica-de-privadesa","status":"publish","type":"page","link":"https:\/\/articagency.com\/ca\/politica-de-privacidad\/","title":{"rendered":"Pol\u00edtica de privadesa"},"content":{"rendered":"<div data-elementor-type=\"wp-page\" data-elementor-id=\"949\" class=\"elementor elementor-949\" data-elementor-post-type=\"page\">\n\t\t\t\t<div class=\"elementor-element elementor-element-46f229ff e-flex e-con-boxed e-con e-parent\" data-id=\"46f229ff\" data-element_type=\"container\" data-e-type=\"container\" data-settings=\"{&quot;jet_parallax_layout_list&quot;:[]}\">\n\t\t\t\t\t<div class=\"e-con-inner\">\n\t\t\t\t<div class=\"elementor-element elementor-element-a4a17e8 elementor-widget elementor-widget-heading\" data-id=\"a4a17e8\" data-element_type=\"widget\" data-e-type=\"widget\" data-widget_type=\"heading.default\">\n\t\t\t\t\t<h1 class=\"elementor-heading-title elementor-size-default\">Pol\u00edtica de privadesa<\/h1>\t\t\t\t<\/div>\n\t\t\t\t<div class=\"elementor-element elementor-element-14b1c7d3 elementor-widget elementor-widget-text-editor\" data-id=\"14b1c7d3\" data-element_type=\"widget\" data-e-type=\"widget\" data-widget_type=\"text-editor.default\">\n\t\t\t\t\t\t\t\t\t\n<p><strong>1. INFORMACI\u00d3 PER A L&#039;USUARI<\/strong><\/p>\n\n\n\n<p><strong>Qui \u00e9s el responsable del tractament de les teves dades personals?<\/strong><\/p>\n\n\n\n<p><strong>ARTIC AGENCY DIGITAL CONSULTING SL<\/strong>&nbsp;\u00e9s el RESPONSABLE del tractament de les dades personals de l&#039;USUARI i us informa que aquestes dades es tractaran de conformitat amb el que estableix el Reglament (UE) 2016\/679, de 27 d&#039;abril (GDPR), i la Llei Org\u00e0nica 3\/2018, de 5 de desembre (LOPDGDD).<\/p>\n\n\n\n<p><strong>Per qu\u00e8 tractem les teves dades personals i per qu\u00e8 ho fem?<\/strong><\/p>\n\n\n\n<p>Segons el formulari en qu\u00e8 haguem obtingut les vostres dades personals, les tractarem de manera confidencial per assolir les seg\u00fcents finalitats:<\/p>\n\n\n\n<p>Al formulari&nbsp;<strong>Contacte<\/strong><\/p>\n\n\n\n<ul class=\"wp-block-list\">\n<li>Donar resposta a les consultes o qualsevol tipus de petici\u00f3 que faci l&#039;usuari a trav\u00e9s de qualsevol de les formes de contacte que es posen a la vostra disposici\u00f3 a la p\u00e0gina web del responsable.<br>(<em>per l&#039;inter\u00e8s leg\u00edtim del responsable, art. 6.1.f GDPR<\/em>)<\/li>\n\n\n\n<li>Enviar comunicacions comercials publicit\u00e0ries per correu electr\u00f2nic, fax, SMS, MMS, xarxes socials o qualsevol altre mitj\u00e0 electr\u00f2nic o f\u00edsic, present o futur, que permeti efectuar comunicacions comercials. Aquestes comunicacions es faran per mitj\u00e0 del responsable i estan relacionades amb els seus productes i serveis, o amb els seus col\u00b7laboradors o prove\u00efdors, amb els que hagi arribat a algun acord de promoci\u00f3. En aquest cas, els tercers mai no tindran acc\u00e9s a les dades personals.<br>(<em>pel consentiment de l&#039;interessat, 6.1.a GDPR<\/em>)<\/li>\n\n\n\n<li>Efectuar an\u00e0lisis estad\u00edstiques i estudis de mercat.<br>(<em>per l&#039;inter\u00e8s leg\u00edtim del responsable, art. 6.1.f GDPR<\/em>)<\/li>\n<\/ul>\n\n\n\n<p><strong>Durant quant de temps guardarem les teves dades personals?<\/strong><\/p>\n\n\n\n<p>Es conservaran durant no m\u00e9s temps del necessari per mantenir la finalitat del tractament o mentre hi hagi prescripcions legals que dictaminin la seva cust\u00f2dia i quan ja no sigui necessari per aquest motiu, se suprimiran amb mesures de seguretat adequades per garantir que les dades siguin anonimitzades o totalment destru\u00efdes.<\/p>\n\n\n\n<p><strong>A qui facilitem les vostres dades personals?<\/strong><\/p>\n\n\n\n<p>No es preveu cap comunicaci\u00f3 de dades personals a tercers excepte si fos necessari per al desenvolupament i execuci\u00f3 de les finalitats del tractament, als nostres prove\u00efdors de serveis relacionats amb comunicacions, amb qu\u00e8 el RESPONSABLE ha formalitzat els contractes de confidencialitat i encarregat de tractament exigits per la normativa vigent de privadesa.<\/p>\n\n\n\n<p><strong>Quins s\u00f3n els teus drets?<\/strong><\/p>\n\n\n\n<p>Els drets que t\u00e9 l&#039;USUARI s\u00f3n:<\/p>\n\n\n\n<ul class=\"wp-block-list\">\n<li>Dret a retirar-ne el consentiment en qualsevol moment.<\/li>\n\n\n\n<li>Dret d&#039;acc\u00e9s, rectificaci\u00f3, portabilitat i supressi\u00f3 de les vostres dades i de limitaci\u00f3 o oposici\u00f3 al tractament.<\/li>\n\n\n\n<li>Dret a presentar reclamaci\u00f3 davant de l&#039;autoritat de control (www.aepd.es) si considera que el tractament no s&#039;ajusta a la normativa vigent.<\/li>\n<\/ul>\n\n\n\n<p><strong>Dades de contacte per exercir els vostres drets<\/strong>:<\/p>\n\n\n\n<p>ARTICO AGENCY DIGITAL CONSULTING SL. Av. Vilafranca del Pened\u00e8s, 11B \u2013 08799 Ol\u00e8rdola (Barcelona). E-mail: info@articagency.com<\/p>\n\n\n\n<p><br><strong>2. CAR\u00c0CTER OBLIGATORI O FACULTATIU DE LA INFORMACI\u00d3 FACILITADA PER L&#039;USUARI<\/strong><\/p>\n\n\n\n<p>Els USUARIS, per mitj\u00e0 de les caselles corresponents i la introducci\u00f3 de dades als camps, marcats amb l&#039;asterisc (*) al formulari de contacte o presentats en formularis de desc\u00e0rrega, accepten expressament i de forma lliure i inequ\u00edvoca, que les seves dades s\u00f3n necess\u00e0ries per atendre la seva petici\u00f3, per part del prestador, i que per tant la inclusi\u00f3. L&#039;USUARI garanteix que les dades personals facilitades al RESPONSABLE s\u00f3n ver\u00eddiques i es fa responsable de comunicar qualsevol modificaci\u00f3.<\/p>\n\n\n\n<p>El RESPONSABLE informa que totes les dades sol\u00b7licitades a trav\u00e9s del lloc web s\u00f3n obligat\u00f2ries, ja que s\u00f3n necess\u00e0ries per a la prestaci\u00f3 d&#039;un servei \u00f2ptim a l&#039;USUARI. En cas que no es facilitin totes les dades, no es garanteix que la informaci\u00f3 i els serveis facilitats s&#039;ajustin completament a les seves necessitats.<\/p>\n\n\n\n<p><br><strong>3. MESURES DE SEGURETAT<\/strong><\/p>\n\n\n\n<p>Que, de conformitat amb el que estableixen les normatives vigents en protecci\u00f3 de dades personals, el RESPONSABLE est\u00e0 complint amb totes les disposicions de les normatives GDPR i LOPDGDD per al tractament de les dades personals de la seva responsabilitat, i manifestament amb els principis descrits a l&#039;article 5 del GDPR, pels quals es tracten de forma l\u00edci- ta, lleial i transparent en relaci\u00f3 amb les finalitats per a les quals es tracten.<\/p>\n\n\n\n<p>El RESPONSABLE El RESPONSABLE garanteix que ha implementat pol\u00edtiques t\u00e8cniques i organitzatives apropiades per aplicar les mesures de seguretat establertes pel GDPR i la LOPDGDD, amb la finalitat de protegir els drets i les llibertats dels USUARIS i els ha comunicat la informaci\u00f3 adequada perqu\u00e8 puguin exercir-los.<\/p>\n\n\n\n<p>Per a m\u00e9s informaci\u00f3 sobre les garanties de privadesa, pots adre\u00e7ar-te al RESPONSABLE a trav\u00e9s de ARTIC AGENCY DIGITAL CONSULTING SL. Av. Vilafranca del Pened\u00e8s, 11B \u2013 08799 Ol\u00e8rdola (Barcelona). E-mail: rgpd@articagency.com<\/p>\n\t\t\t\t\t\t\t\t<\/div>\n\t\t\t\t\t<\/div>\n\t\t\t\t<\/div>\n\t\t\t\t<\/div>","protected":false},"excerpt":{"rendered":"<p>1. INFORMACI\u00d3N PARA EL USUARIO \u00bfQui\u00e9n es el responsable del tratamiento de tus datos personales? ARTIC AGENCY DIGITAL CONSULTING SL&nbsp;es [&hellip;]<\/p>\n","protected":false},"author":1,"featured_media":0,"parent":0,"menu_order":0,"comment_status":"closed","ping_status":"closed","template":"","meta":{"site-sidebar-layout":"default","site-content-layout":"","ast-site-content-layout":"default","site-content-style":"default","site-sidebar-style":"default","ast-global-header-display":"","ast-banner-title-visibility":"","ast-main-header-display":"","ast-hfb-above-header-display":"","ast-hfb-below-header-display":"","ast-hfb-mobile-header-display":"","site-post-title":"","ast-breadcrumbs-content":"","ast-featured-img":"","footer-sml-layout":"","ast-disable-related-posts":"","theme-transparent-header-meta":"","adv-header-id-meta":"","stick-header-meta":"","header-above-stick-meta":"","header-main-stick-meta":"","header-below-stick-meta":"","astra-migrate-meta-layouts":"default","ast-page-background-enabled":"default","ast-page-background-meta":{"desktop":{"background-color":"var(--ast-global-color-5)","background-image":"","background-repeat":"repeat","background-position":"center center","background-size":"auto","background-attachment":"scroll","background-type":"","background-media":"","overlay-type":"","overlay-color":"","overlay-opacity":"","overlay-gradient":""},"tablet":{"background-color":"","background-image":"","background-repeat":"repeat","background-position":"center center","background-size":"auto","background-attachment":"scroll","background-type":"","background-media":"","overlay-type":"","overlay-color":"","overlay-opacity":"","overlay-gradient":""},"mobile":{"background-color":"","background-image":"","background-repeat":"repeat","background-position":"center center","background-size":"auto","background-attachment":"scroll","background-type":"","background-media":"","overlay-type":"","overlay-color":"","overlay-opacity":"","overlay-gradient":""}},"ast-content-background-meta":{"desktop":{"background-color":"var(--ast-global-color-4)","background-image":"","background-repeat":"repeat","background-position":"center center","background-size":"auto","background-attachment":"scroll","background-type":"","background-media":"","overlay-type":"","overlay-color":"","overlay-opacity":"","overlay-gradient":""},"tablet":{"background-color":"var(--ast-global-color-4)","background-image":"","background-repeat":"repeat","background-position":"center center","background-size":"auto","background-attachment":"scroll","background-type":"","background-media":"","overlay-type":"","overlay-color":"","overlay-opacity":"","overlay-gradient":""},"mobile":{"background-color":"var(--ast-global-color-4)","background-image":"","background-repeat":"repeat","background-position":"center center","background-size":"auto","background-attachment":"scroll","background-type":"","background-media":"","overlay-type":"","overlay-color":"","overlay-opacity":"","overlay-gradient":""}},"footnotes":""},"class_list":["post-949","page","type-page","status-publish","hentry"],"_links":{"self":[{"href":"https:\/\/articagency.com\/ca\/wp-json\/wp\/v2\/pages\/949","targetHints":{"allow":["GET"]}}],"collection":[{"href":"https:\/\/articagency.com\/ca\/wp-json\/wp\/v2\/pages"}],"about":[{"href":"https:\/\/articagency.com\/ca\/wp-json\/wp\/v2\/types\/page"}],"author":[{"embeddable":true,"href":"https:\/\/articagency.com\/ca\/wp-json\/wp\/v2\/users\/1"}],"replies":[{"embeddable":true,"href":"https:\/\/articagency.com\/ca\/wp-json\/wp\/v2\/comments?post=949"}],"version-history":[{"count":4,"href":"https:\/\/articagency.com\/ca\/wp-json\/wp\/v2\/pages\/949\/revisions"}],"predecessor-version":[{"id":1738,"href":"https:\/\/articagency.com\/ca\/wp-json\/wp\/v2\/pages\/949\/revisions\/1738"}],"wp:attachment":[{"href":"https:\/\/articagency.com\/ca\/wp-json\/wp\/v2\/media?parent=949"}],"curies":[{"name":"wp","href":"https:\/\/api.w.org\/{rel}","templated":true}]}}